{"id":551,"date":"2025-06-10T15:08:02","date_gmt":"2025-06-10T15:08:02","guid":{"rendered":"https:\/\/d3.harvard.edu\/digital-reskilling\/?page_id=551"},"modified":"2025-06-23T17:20:35","modified_gmt":"2025-06-23T17:20:35","slug":"working-papers","status":"publish","type":"page","link":"https:\/\/d3.harvard.edu\/digital-reskilling\/publications\/working-papers\/","title":{"rendered":"Working Papers"},"content":{"rendered":"\n<p><a href=\"https:\/\/www.hbs.edu\/ris\/Publication%20Files\/25-052_8070dd69-2e62-415b-a658-109d5c3d62b4.pdf\">Management and Firm Dynamism<\/a> by Nicholas Bloom, Jonathan S. Hartley, Raffaella Sadun, Rachel Schuh, and John Van Reenen (April 2025)<\/p>\n\n\n\n<p><a href=\"https:\/\/www.hbs.edu\/ris\/Publication%20Files\/25-045_1c5a1d13-a61d-41d2-b8b4-2e5971ea23e0.pdf\">Training Within Firms<\/a> by Brayan Diaz, Andrea Neyra-Nazarrett, Julian Ramirez, Raffaella Sadun, and Jorge Tamayo (April 2025)<\/p>\n\n\n\n<p><a href=\"https:\/\/papers.ssrn.com\/sol3\/papers.cfm?abstract_id=5188231\">The Cybernetic Teammate: A Field Experiment on Generative AI Reshaping Teamwork and Expertise<\/a> by Dell&#8217;Acqua, Fabrizio, Charles Ayoubi, Hila Lifshitz, Raffaella Sadun, Ethan Mollick, Lilach Mollick, Yi Han, Jeff Goldman, Hari Nair, Stew Taub, and Karim R. Lakhani (March 2025)<\/p>\n\n\n\n<p><a href=\"https:\/\/www.hbs.edu\/ris\/Publication%20Files\/25-041_46604470-5fa1-4d30-9cd7-8aedecbaf3f5.pdf\">New Product Diffusion Within Retailers: The Effect of Managerial Quality on Rollout<\/a> by Tomomichi Amano and Jorge Tamayo (February 2025)<\/p>\n\n\n\n<p><a href=\"https:\/\/www.hbs.edu\/ris\/Publication%20Files\/25-033_fdfe4509-150f-4b31-bd91-cb6153983492.pdf\">CEO-Firm Matches and Productivity in 42 Countries<\/a> by Amanda Dahlstrand, D\u00e1vid L\u00e1szl\u00f3, Helena Schweiger, Oriana Bandiera, Andrea Prat, and Raffaella Sadun (January 2025)<\/p>\n\n\n\n<p><a href=\"https:\/\/www.nber.org\/papers\/w32932\">The New Digital Divide<\/a> by Mayana Pereira, Shane Greenstein, Raffaella Sadun, Prasanna Tambe, Lucia Ronchi Darre, Tammy Glazer, Allen Kim, Rahul Dodhia, and Juan Lavista Ferres (September 2024)<\/p>\n\n\n\n<p><a href=\"https:\/\/papers.ssrn.com\/sol3\/papers.cfm?abstract_id=4773773\">Human-Algorithm Interactions in Labor Scheduling Decisions<\/a> by Caleb Kwon, Ananth Raman, and Jorge Tamayo (April 2024)<\/p>\n\n\n\n<p><a href=\"https:\/\/www.hbs.edu\/ris\/Publication%20Files\/24-032_70cac5ca-004b-41fe-91d9-9097d56640a3.pdf\">Rapport in Organizations: Evidence from Fast Food<\/a> by Achyuta Adhvaryu, Parker Howell, Anant Nyshadham, and Jorge Tamayo (November 2023)<\/p>\n\n\n\n<p><a href=\"https:\/\/www.hbs.edu\/ris\/Publication%20Files\/24-016_94e221ff-818b-431f-a233-20a31e71bcd4.pdf\">Spatial Mobility, Economic Opportunity, and Crime<\/a> by Gaurav Khanna, Carlos Medina, Anant Nyshadham, Daniel Ramos-Menchelli, Jorge Tamayo, and Audrey Tiew (September 2023)<\/p>\n\n\n\n<p><a href=\"https:\/\/www.hbs.edu\/ris\/Publication%20Files\/23-059_852dded4-85e4-44c0-bf83-699314d8031c.pdf\">Remote Work across Jobs, Companies, and Space<\/a> by Stephen Hansen, Peter John Lambert, Nick Bloom, Steven J. Davis, Raffaella Sadun, and Bledi Taska (March 2023)<\/p>\n\n\n\n<p><a href=\"https:\/\/www.hbs.edu\/ris\/Publication%20Files\/23-061_d9d37062-d3d7-4377-a959-81f75337916d.pdf\">Organizational Responses to Product Cycles<\/a> by Achyuta Adhvaryu, Vittorio Bassi, Anant Nyshadham, Jorge Tamayo, and Nicolas Torres (March 2023)<\/p>\n\n\n\n<p><a href=\"https:\/\/www.hbs.edu\/ris\/Publication%20Files\/22-066_5a8e6238-7b8f-4b98-8a8f-a5474b1a9e12.pdf\">An Anatomy of Performance Monitoring<\/a> by Achyuta Adhvaryu, Anant Nyshadham, and Jorge Tamayo (March 2022)<\/p>\n\n\n\n<p><a href=\"https:\/\/www.hbs.edu\/ris\/Publication%20Files\/WP21-110v2_d32eb39f-32d6-4661-9bf3-2fd1c3f33db9.pdf\">Diagnosing Quality: Learning, Amenities, and the Demand for Health Care<\/a> by Achyuta Adhvaryu, Emilio Gutierrez, Anant Nyshadham, and Jorge Tamayo (March 2021)<\/p>\n\n\n\n<p><a href=\"https:\/\/www.hbs.edu\/ris\/Publication%20Files\/Working%20Paper%2021-133_27738927-867c-4b8c-9358-05a61ec6f40b.pdf\">The Demand for Executive Skills<\/a> by Stephen Hansen, Raffaella Sadun, Tejas Ramdas, and Joseph B. Fuller (June 2021)<\/p>\n\n\n\n<p><a href=\"https:\/\/www.hbs.edu\/ris\/Publication%20Files\/22-015_741f745f-dc3d-4ae0-814e-01d4903ce53d.pdf\">The Luck of the Draw: The Causal Effect of Physicians on Birth Outcomes<\/a> by Arlen Guarin, Christian Posso, Estefania Saravia, and Jorge Tamayo (February 2021)<\/p>\n\n\n\n<p><a href=\"https:\/\/www.hbs.edu\/ris\/Publication%20Files\/18-075_a76d0195-2a44-4175-b8b8-238f75443066.pdf\">The Impact of CEOs in the Public Sector: Evidence from the English NHS<\/a> by Katharina Janke, Carol Propper, and Raffaella Sadun (September 2020)<\/p>\n\n\n\n<p><a href=\"https:\/\/www.hbs.edu\/ris\/Publication%20Files\/20-104_b164ea6c-1022-4181-b0df-8b4206536f64.pdf\">Job Loss, Credit and Crime in Colombia<\/a> by Khanna, Gaurav, Carlos Medina, Anant Nyshadham, Christian Posso, and Jorge Tamayo (April 2020)<\/p>\n\n\n\n<p><a href=\"https:\/\/www.hbs.edu\/ris\/Publication%20Files\/20-103_d75075f1-b61b-4587-bf7e-8ee2f543ffe4.pdf\">No Line Left Behind: Assortative Matching Inside the Firm<\/a> by Adhvaryu, Achyuta, Vittorio Bassi, Anant Nyshadham, and Jorge Tamayo (March 2020)<\/p>\n\n\n\n<p><a href=\"https:\/\/www.hbs.edu\/ris\/Publication%20Files\/16-133_64fd57c1-5f76-415a-9567-f1c0d310aff3.pdf\">Management As A Technology?<\/a>&nbsp;by Nicholas Bloom, Raffaella Sadun and John Van Reenen (October 2017)<\/p>\n\n\n\n<p><a href=\"https:\/\/www.hbs.edu\/ris\/Publication%20Files\/11-081.pdf\">What Do CEOs Do?<\/a>&nbsp;by Oriana Bandiera, Luigi Guiso, Andrea Prat, and Raffaella Sadun (2011)<\/p>\n\n\n\n<p><\/p>\n","protected":false},"excerpt":{"rendered":"<p>Management and Firm Dynamism by Nicholas Bloom, Jonathan S. Hartley, Raffaella Sadun, Rachel Schuh, and John Van Reenen (April 2025) Training Within Firms by Brayan Diaz, Andrea Neyra-Nazarrett, Julian Ramirez, Raffaella Sadun, and Jorge Tamayo (April 2025) The Cybernetic Teammate: A Field Experiment on Generative AI Reshaping Teamwork and Expertise by Dell&#8217;Acqua, Fabrizio, Charles Ayoubi, [&hellip;]<\/p>\n","protected":false},"author":19383,"featured_media":0,"parent":81,"menu_order":0,"comment_status":"closed","ping_status":"closed","template":"","meta":{"_trash_the_other_posts":false,"rkv_hide_featured_image":false,"rkv_hide_page_title":false,"rkv_hide_abstract_shapes":true,"rkv_reduce_header":false,"hbsd3_featured_media_url":"","hbsd3_featured_media_url_autoplay":false,"editor_notices":[],"footnotes":""},"rkv-people-shadow":[],"class_list":["post-551","page","type-page","status-publish","hentry"],"yoast_head":"<!-- This site is optimized with the Yoast SEO plugin v27.3 - https:\/\/yoast.com\/product\/yoast-seo-wordpress\/ -->\n<title>Working Papers - Digital Reskilling Lab<\/title>\n<meta name=\"robots\" content=\"index, follow, max-snippet:-1, max-image-preview:large, max-video-preview:-1\" \/>\n<link rel=\"canonical\" href=\"https:\/\/d3.harvard.edu\/digital-reskilling\/publications\/working-papers\/\" \/>\n<meta property=\"og:locale\" content=\"en_US\" \/>\n<meta property=\"og:type\" content=\"article\" \/>\n<meta property=\"og:title\" content=\"Working Papers - Digital Reskilling Lab\" \/>\n<meta property=\"og:description\" content=\"Management and Firm Dynamism by Nicholas Bloom, Jonathan S. Hartley, Raffaella Sadun, Rachel Schuh, and John Van Reenen (April 2025) Training Within Firms by Brayan Diaz, Andrea Neyra-Nazarrett, Julian Ramirez, Raffaella Sadun, and Jorge Tamayo (April 2025) The Cybernetic Teammate: A Field Experiment on Generative AI Reshaping Teamwork and Expertise by Dell&#8217;Acqua, Fabrizio, Charles Ayoubi, [&hellip;]\" \/>\n<meta property=\"og:url\" content=\"https:\/\/d3.harvard.edu\/digital-reskilling\/publications\/working-papers\/\" \/>\n<meta property=\"og:site_name\" content=\"Digital Reskilling Lab\" \/>\n<meta property=\"article:modified_time\" content=\"2025-06-23T17:20:35+00:00\" \/>\n<meta name=\"twitter:card\" content=\"summary_large_image\" \/>\n<meta name=\"twitter:label1\" content=\"Est. reading time\" \/>\n\t<meta name=\"twitter:data1\" content=\"2 minutes\" \/>\n<script type=\"application\/ld+json\" class=\"yoast-schema-graph\">{\"@context\":\"https:\\\/\\\/schema.org\",\"@graph\":[{\"@type\":\"WebPage\",\"@id\":\"https:\\\/\\\/d3.harvard.edu\\\/digital-reskilling\\\/publications\\\/working-papers\\\/\",\"url\":\"https:\\\/\\\/d3.harvard.edu\\\/digital-reskilling\\\/publications\\\/working-papers\\\/\",\"name\":\"Working Papers - Digital Reskilling Lab\",\"isPartOf\":{\"@id\":\"https:\\\/\\\/d3.harvard.edu\\\/digital-reskilling\\\/#website\"},\"datePublished\":\"2025-06-10T15:08:02+00:00\",\"dateModified\":\"2025-06-23T17:20:35+00:00\",\"breadcrumb\":{\"@id\":\"https:\\\/\\\/d3.harvard.edu\\\/digital-reskilling\\\/publications\\\/working-papers\\\/#breadcrumb\"},\"inLanguage\":\"en-US\",\"potentialAction\":[{\"@type\":\"ReadAction\",\"target\":[\"https:\\\/\\\/d3.harvard.edu\\\/digital-reskilling\\\/publications\\\/working-papers\\\/\"]}]},{\"@type\":\"BreadcrumbList\",\"@id\":\"https:\\\/\\\/d3.harvard.edu\\\/digital-reskilling\\\/publications\\\/working-papers\\\/#breadcrumb\",\"itemListElement\":[{\"@type\":\"ListItem\",\"position\":1,\"name\":\"Home\",\"item\":\"https:\\\/\\\/d3.harvard.edu\\\/digital-reskilling\\\/\"},{\"@type\":\"ListItem\",\"position\":2,\"name\":\"Publications\",\"item\":\"https:\\\/\\\/d3.harvard.edu\\\/digital-reskilling\\\/publications\\\/\"},{\"@type\":\"ListItem\",\"position\":3,\"name\":\"Working Papers\"}]},{\"@type\":\"WebSite\",\"@id\":\"https:\\\/\\\/d3.harvard.edu\\\/digital-reskilling\\\/#website\",\"url\":\"https:\\\/\\\/d3.harvard.edu\\\/digital-reskilling\\\/\",\"name\":\"Digital Reskilling Lab\",\"description\":\"\",\"potentialAction\":[{\"@type\":\"SearchAction\",\"target\":{\"@type\":\"EntryPoint\",\"urlTemplate\":\"https:\\\/\\\/d3.harvard.edu\\\/digital-reskilling\\\/?s={search_term_string}\"},\"query-input\":{\"@type\":\"PropertyValueSpecification\",\"valueRequired\":true,\"valueName\":\"search_term_string\"}}],\"inLanguage\":\"en-US\"}]}<\/script>\n<!-- \/ Yoast SEO plugin. -->","yoast_head_json":{"title":"Working Papers - Digital Reskilling Lab","robots":{"index":"index","follow":"follow","max-snippet":"max-snippet:-1","max-image-preview":"max-image-preview:large","max-video-preview":"max-video-preview:-1"},"canonical":"https:\/\/d3.harvard.edu\/digital-reskilling\/publications\/working-papers\/","og_locale":"en_US","og_type":"article","og_title":"Working Papers - Digital Reskilling Lab","og_description":"Management and Firm Dynamism by Nicholas Bloom, Jonathan S. Hartley, Raffaella Sadun, Rachel Schuh, and John Van Reenen (April 2025) Training Within Firms by Brayan Diaz, Andrea Neyra-Nazarrett, Julian Ramirez, Raffaella Sadun, and Jorge Tamayo (April 2025) The Cybernetic Teammate: A Field Experiment on Generative AI Reshaping Teamwork and Expertise by Dell&#8217;Acqua, Fabrizio, Charles Ayoubi, [&hellip;]","og_url":"https:\/\/d3.harvard.edu\/digital-reskilling\/publications\/working-papers\/","og_site_name":"Digital Reskilling Lab","article_modified_time":"2025-06-23T17:20:35+00:00","twitter_card":"summary_large_image","twitter_misc":{"Est. reading time":"2 minutes"},"schema":{"@context":"https:\/\/schema.org","@graph":[{"@type":"WebPage","@id":"https:\/\/d3.harvard.edu\/digital-reskilling\/publications\/working-papers\/","url":"https:\/\/d3.harvard.edu\/digital-reskilling\/publications\/working-papers\/","name":"Working Papers - Digital Reskilling Lab","isPartOf":{"@id":"https:\/\/d3.harvard.edu\/digital-reskilling\/#website"},"datePublished":"2025-06-10T15:08:02+00:00","dateModified":"2025-06-23T17:20:35+00:00","breadcrumb":{"@id":"https:\/\/d3.harvard.edu\/digital-reskilling\/publications\/working-papers\/#breadcrumb"},"inLanguage":"en-US","potentialAction":[{"@type":"ReadAction","target":["https:\/\/d3.harvard.edu\/digital-reskilling\/publications\/working-papers\/"]}]},{"@type":"BreadcrumbList","@id":"https:\/\/d3.harvard.edu\/digital-reskilling\/publications\/working-papers\/#breadcrumb","itemListElement":[{"@type":"ListItem","position":1,"name":"Home","item":"https:\/\/d3.harvard.edu\/digital-reskilling\/"},{"@type":"ListItem","position":2,"name":"Publications","item":"https:\/\/d3.harvard.edu\/digital-reskilling\/publications\/"},{"@type":"ListItem","position":3,"name":"Working Papers"}]},{"@type":"WebSite","@id":"https:\/\/d3.harvard.edu\/digital-reskilling\/#website","url":"https:\/\/d3.harvard.edu\/digital-reskilling\/","name":"Digital Reskilling Lab","description":"","potentialAction":[{"@type":"SearchAction","target":{"@type":"EntryPoint","urlTemplate":"https:\/\/d3.harvard.edu\/digital-reskilling\/?s={search_term_string}"},"query-input":{"@type":"PropertyValueSpecification","valueRequired":true,"valueName":"search_term_string"}}],"inLanguage":"en-US"}]}},"_links":{"self":[{"href":"https:\/\/d3.harvard.edu\/digital-reskilling\/wp-json\/wp\/v2\/pages\/551","targetHints":{"allow":["GET"]}}],"collection":[{"href":"https:\/\/d3.harvard.edu\/digital-reskilling\/wp-json\/wp\/v2\/pages"}],"about":[{"href":"https:\/\/d3.harvard.edu\/digital-reskilling\/wp-json\/wp\/v2\/types\/page"}],"author":[{"embeddable":true,"href":"https:\/\/d3.harvard.edu\/digital-reskilling\/wp-json\/wp\/v2\/users\/19383"}],"replies":[{"embeddable":true,"href":"https:\/\/d3.harvard.edu\/digital-reskilling\/wp-json\/wp\/v2\/comments?post=551"}],"version-history":[{"count":2,"href":"https:\/\/d3.harvard.edu\/digital-reskilling\/wp-json\/wp\/v2\/pages\/551\/revisions"}],"predecessor-version":[{"id":598,"href":"https:\/\/d3.harvard.edu\/digital-reskilling\/wp-json\/wp\/v2\/pages\/551\/revisions\/598"}],"up":[{"embeddable":true,"href":"https:\/\/d3.harvard.edu\/digital-reskilling\/wp-json\/wp\/v2\/pages\/81"}],"wp:attachment":[{"href":"https:\/\/d3.harvard.edu\/digital-reskilling\/wp-json\/wp\/v2\/media?parent=551"}],"wp:term":[{"taxonomy":"rkv-people-shadow","embeddable":true,"href":"https:\/\/d3.harvard.edu\/digital-reskilling\/wp-json\/wp\/v2\/rkv-people-shadow?post=551"}],"curies":[{"name":"wp","href":"https:\/\/api.w.org\/{rel}","templated":true}]}}